{"id":5597,"date":"2025-06-19T07:35:22","date_gmt":"2025-06-19T07:35:22","guid":{"rendered":"https:\/\/www.viguidaclaudia.com\/visite-guidate\/visitas-guiadas-treviso-ciudad\/"},"modified":"2026-01-27T18:55:30","modified_gmt":"2026-01-27T18:55:30","slug":"visitas-guiadas-treviso-ciudad","status":"publish","type":"product","link":"https:\/\/www.viguidaclaudia.com\/es\/visite-guidate\/visitas-guiadas-treviso-ciudad\/","title":{"rendered":"Visitas guiadas Treviso ciudad"},"content":{"rendered":"<p>El tour empienza en la animada <strong>Piazza dei Signori<\/strong>, coraz\u00f3n pulsante de la vida trevigiana donde os presentar\u00e9 la historia de esta hermosa ciudad.<\/p>\n<p>Nos trasladaremos despu\u00e9s hacia la <strong>Loggia dei Cavalieri<\/strong>, un tiempo lugar de encuentro exclusivo para los nobles caballeros de la ciudad: os contar\u00e9 sus or\u00edgenes y sus cambios de uso durante los siglos. El tour continuar\u00e1 hacia uno de los rincones m\u00e1s pintorescos del centro: la <strong>Isla de la Pescader\u00eda<\/strong>, todav\u00eda hoy sede del mercado del pescado, rodeada de tabernas y locales t\u00edpicos donde poder degustar chupitos y buen prosecco sentados a una mesita.<\/p>\n<p>Luego llegaremos a la iglesia de <strong>San Francisco<\/strong> bordeando el curso de uno de los famosos \u00abCagnan\u00bb que atraviesan el centro, para observar las ruedas de un molino todav\u00eda en funcionamiento para recordar las origines medievales de este peque\u00f1o barrio del centro. Pasaremos por el <strong>Ponte della Pria<\/strong> para admirar el complicado sistema de esclusas estudiado en \u00e9poca veneciana para la defensa de la ciudad y te hablar\u00e8 de su muralla de defensa. Desde all\u00ed llegaremos a la catedral con su sugestiva cripta y la espl\u00e9ndida Pala del Tiziano.<\/p>\n<p>Al final del tour, no podr\u00e0 faltar la parada en la <strong>Fontana delle Tette,<\/strong> la fuente m\u00e1s famosa de Treviso protagonista de una leyenda popular que intriga y siempre divierte.<\/p>\n","protected":false},"excerpt":{"rendered":"<p>Treviso es una ciudad a escala humana, perfecta para visitar en cualquier \u00e9poca del a\u00f1o. Llamada a menudo <strong>\u00abJoya oculta\u00bb<\/strong>, Treviso sabe encantar a los que la conocen desde hace tiempo y sorprender a aquellos que la descubren por primera vez. En cada esquina y cada vez que se levantan los ojos hay detalles que dejan encantados: rincones de historia y cultura realmente sugestivos.<\/p>\n<p>Canales, p\u00f3rticos, frescos, vistas rom\u00e1nticas y una aut\u00e9ntica cultura enogastron\u00f3mica hacen de esta ciudad una joya para vivir con lentitud incluso estando sentado en una mesa de uno de los numerosos bares probando las deliciosas tapas o tomando un buen prosecco.<\/p>\n<p>Esta visita guiada es la ocasi\u00f3n ideal para sumergirse en el ambiente \u00edntimo y refinado de la ciudad.<\/p>\n","protected":false},"featured_media":5598,"comment_status":"closed","ping_status":"closed","template":"","meta":{"_acf_changed":false},"product_brand":[],"product_cat":[80],"product_tag":[],"class_list":{"0":"post-5597","1":"product","2":"type-product","3":"status-publish","4":"has-post-thumbnail","6":"product_cat-visitas-guiadas-treviso","8":"first","9":"instock","10":"shipping-taxable","11":"product-type-simple"},"acf":[],"yoast_head":"<!-- This site is optimized with the Yoast SEO plugin v27.3 - https:\/\/yoast.com\/product\/yoast-seo-wordpress\/ -->\n<title>Visitas guiadas en Treviso: arte y leyendas<\/title>\n<meta name=\"description\" content=\"\u00a1Descubre la historia de Treviso: recorrido a pie apto para todos. \u00a1Reserva ahora tu visita guiada!\" \/>\n<meta name=\"robots\" content=\"index, follow, max-snippet:-1, max-image-preview:large, max-video-preview:-1\" \/>\n<link rel=\"canonical\" href=\"https:\/\/www.viguidaclaudia.com\/es\/visite-guidate\/visitas-guiadas-treviso-ciudad\/\" \/>\n<meta property=\"og:locale\" content=\"es_ES\" \/>\n<meta property=\"og:type\" content=\"article\" \/>\n<meta property=\"og:title\" content=\"Visitas guiadas en Treviso: arte y leyendas\" \/>\n<meta property=\"og:description\" content=\"\u00a1Descubre la historia de Treviso: recorrido a pie apto para todos. \u00a1Reserva ahora tu visita guiada!\" \/>\n<meta property=\"og:url\" content=\"https:\/\/www.viguidaclaudia.com\/es\/visite-guidate\/visitas-guiadas-treviso-ciudad\/\" \/>\n<meta property=\"og:site_name\" content=\"ViGuida Claudia\" \/>\n<meta property=\"article:publisher\" content=\"https:\/\/www.facebook.com\/viguidaclaudia\/\" \/>\n<meta property=\"article:modified_time\" content=\"2026-01-27T18:55:30+00:00\" \/>\n<meta property=\"og:image\" content=\"http:\/\/www.viguidaclaudia.com\/wp-content\/uploads\/2025\/06\/canale-dei-buranei.jpg\" \/>\n\t<meta property=\"og:image:width\" content=\"825\" \/>\n\t<meta property=\"og:image:height\" content=\"578\" \/>\n\t<meta property=\"og:image:type\" content=\"image\/jpeg\" \/>\n<meta name=\"twitter:card\" content=\"summary_large_image\" \/>\n<meta name=\"twitter:label1\" content=\"Tiempo de lectura\" \/>\n\t<meta name=\"twitter:data1\" content=\"2 minutos\" \/>\n<script type=\"application\/ld+json\" class=\"yoast-schema-graph\">{\"@context\":\"https:\\\/\\\/schema.org\",\"@graph\":[{\"@type\":\"WebPage\",\"@id\":\"https:\\\/\\\/www.viguidaclaudia.com\\\/es\\\/visite-guidate\\\/visitas-guiadas-treviso-ciudad\\\/\",\"url\":\"https:\\\/\\\/www.viguidaclaudia.com\\\/es\\\/visite-guidate\\\/visitas-guiadas-treviso-ciudad\\\/\",\"name\":\"Visitas guiadas en Treviso: arte y leyendas\",\"isPartOf\":{\"@id\":\"https:\\\/\\\/www.viguidaclaudia.com\\\/es\\\/#website\"},\"primaryImageOfPage\":{\"@id\":\"https:\\\/\\\/www.viguidaclaudia.com\\\/es\\\/visite-guidate\\\/visitas-guiadas-treviso-ciudad\\\/#primaryimage\"},\"image\":{\"@id\":\"https:\\\/\\\/www.viguidaclaudia.com\\\/es\\\/visite-guidate\\\/visitas-guiadas-treviso-ciudad\\\/#primaryimage\"},\"thumbnailUrl\":\"https:\\\/\\\/www.viguidaclaudia.com\\\/wp-content\\\/uploads\\\/2025\\\/06\\\/canale-dei-buranei.jpg\",\"datePublished\":\"2025-06-19T07:35:22+00:00\",\"dateModified\":\"2026-01-27T18:55:30+00:00\",\"description\":\"\u00a1Descubre la historia de Treviso: recorrido a pie apto para todos. \u00a1Reserva ahora tu visita guiada!\",\"breadcrumb\":{\"@id\":\"https:\\\/\\\/www.viguidaclaudia.com\\\/es\\\/visite-guidate\\\/visitas-guiadas-treviso-ciudad\\\/#breadcrumb\"},\"inLanguage\":\"es\",\"potentialAction\":[{\"@type\":\"ReadAction\",\"target\":[\"https:\\\/\\\/www.viguidaclaudia.com\\\/es\\\/visite-guidate\\\/visitas-guiadas-treviso-ciudad\\\/\"]}]},{\"@type\":\"ImageObject\",\"inLanguage\":\"es\",\"@id\":\"https:\\\/\\\/www.viguidaclaudia.com\\\/es\\\/visite-guidate\\\/visitas-guiadas-treviso-ciudad\\\/#primaryimage\",\"url\":\"https:\\\/\\\/www.viguidaclaudia.com\\\/wp-content\\\/uploads\\\/2025\\\/06\\\/canale-dei-buranei.jpg\",\"contentUrl\":\"https:\\\/\\\/www.viguidaclaudia.com\\\/wp-content\\\/uploads\\\/2025\\\/06\\\/canale-dei-buranei.jpg\",\"width\":825,\"height\":578,\"caption\":\"El canal de los Buranelli, rodeado de edificios hist\u00f3ricos, refleja el cielo azul.\"},{\"@type\":\"BreadcrumbList\",\"@id\":\"https:\\\/\\\/www.viguidaclaudia.com\\\/es\\\/visite-guidate\\\/visitas-guiadas-treviso-ciudad\\\/#breadcrumb\",\"itemListElement\":[{\"@type\":\"ListItem\",\"position\":1,\"name\":\"Home\",\"item\":\"https:\\\/\\\/www.viguidaclaudia.com\\\/es\\\/inicio\\\/\"},{\"@type\":\"ListItem\",\"position\":2,\"name\":\"Productos\",\"item\":\"https:\\\/\\\/www.viguidaclaudia.com\\\/es\\\/shop\\\/\"},{\"@type\":\"ListItem\",\"position\":3,\"name\":\"Visitas guiadas Treviso ciudad\"}]},{\"@type\":\"WebSite\",\"@id\":\"https:\\\/\\\/www.viguidaclaudia.com\\\/es\\\/#website\",\"url\":\"https:\\\/\\\/www.viguidaclaudia.com\\\/es\\\/\",\"name\":\"ViGuida Claudia\",\"description\":\"Visite guidate con guida autorizzata a Vicenza, Padova e Treviso\",\"publisher\":{\"@id\":\"https:\\\/\\\/www.viguidaclaudia.com\\\/es\\\/#organization\"},\"potentialAction\":[{\"@type\":\"SearchAction\",\"target\":{\"@type\":\"EntryPoint\",\"urlTemplate\":\"https:\\\/\\\/www.viguidaclaudia.com\\\/es\\\/?s={search_term_string}\"},\"query-input\":{\"@type\":\"PropertyValueSpecification\",\"valueRequired\":true,\"valueName\":\"search_term_string\"}}],\"inLanguage\":\"es\"},{\"@type\":\"Organization\",\"@id\":\"https:\\\/\\\/www.viguidaclaudia.com\\\/es\\\/#organization\",\"name\":\"ViGuida Claudia\",\"url\":\"https:\\\/\\\/www.viguidaclaudia.com\\\/es\\\/\",\"logo\":{\"@type\":\"ImageObject\",\"inLanguage\":\"es\",\"@id\":\"https:\\\/\\\/www.viguidaclaudia.com\\\/es\\\/#\\\/schema\\\/logo\\\/image\\\/\",\"url\":\"http:\\\/\\\/www.viguidaclaudia.com\\\/wp-content\\\/uploads\\\/2019\\\/02\\\/logo-2x.png\",\"contentUrl\":\"http:\\\/\\\/www.viguidaclaudia.com\\\/wp-content\\\/uploads\\\/2019\\\/02\\\/logo-2x.png\",\"width\":450,\"height\":118,\"caption\":\"ViGuida Claudia\"},\"image\":{\"@id\":\"https:\\\/\\\/www.viguidaclaudia.com\\\/es\\\/#\\\/schema\\\/logo\\\/image\\\/\"},\"sameAs\":[\"https:\\\/\\\/www.facebook.com\\\/viguidaclaudia\\\/\",\"https:\\\/\\\/www.instagram.com\\\/viguidaclaudia\\\/\"]}]}<\/script>\n<!-- \/ Yoast SEO plugin. -->","yoast_head_json":{"title":"Visitas guiadas en Treviso: arte y leyendas","description":"\u00a1Descubre la historia de Treviso: recorrido a pie apto para todos. \u00a1Reserva ahora tu visita guiada!","robots":{"index":"index","follow":"follow","max-snippet":"max-snippet:-1","max-image-preview":"max-image-preview:large","max-video-preview":"max-video-preview:-1"},"canonical":"https:\/\/www.viguidaclaudia.com\/es\/visite-guidate\/visitas-guiadas-treviso-ciudad\/","og_locale":"es_ES","og_type":"article","og_title":"Visitas guiadas en Treviso: arte y leyendas","og_description":"\u00a1Descubre la historia de Treviso: recorrido a pie apto para todos. \u00a1Reserva ahora tu visita guiada!","og_url":"https:\/\/www.viguidaclaudia.com\/es\/visite-guidate\/visitas-guiadas-treviso-ciudad\/","og_site_name":"ViGuida Claudia","article_publisher":"https:\/\/www.facebook.com\/viguidaclaudia\/","article_modified_time":"2026-01-27T18:55:30+00:00","og_image":[{"width":825,"height":578,"url":"http:\/\/www.viguidaclaudia.com\/wp-content\/uploads\/2025\/06\/canale-dei-buranei.jpg","type":"image\/jpeg"}],"twitter_card":"summary_large_image","twitter_misc":{"Tiempo de lectura":"2 minutos"},"schema":{"@context":"https:\/\/schema.org","@graph":[{"@type":"WebPage","@id":"https:\/\/www.viguidaclaudia.com\/es\/visite-guidate\/visitas-guiadas-treviso-ciudad\/","url":"https:\/\/www.viguidaclaudia.com\/es\/visite-guidate\/visitas-guiadas-treviso-ciudad\/","name":"Visitas guiadas en Treviso: arte y leyendas","isPartOf":{"@id":"https:\/\/www.viguidaclaudia.com\/es\/#website"},"primaryImageOfPage":{"@id":"https:\/\/www.viguidaclaudia.com\/es\/visite-guidate\/visitas-guiadas-treviso-ciudad\/#primaryimage"},"image":{"@id":"https:\/\/www.viguidaclaudia.com\/es\/visite-guidate\/visitas-guiadas-treviso-ciudad\/#primaryimage"},"thumbnailUrl":"https:\/\/www.viguidaclaudia.com\/wp-content\/uploads\/2025\/06\/canale-dei-buranei.jpg","datePublished":"2025-06-19T07:35:22+00:00","dateModified":"2026-01-27T18:55:30+00:00","description":"\u00a1Descubre la historia de Treviso: recorrido a pie apto para todos. \u00a1Reserva ahora tu visita guiada!","breadcrumb":{"@id":"https:\/\/www.viguidaclaudia.com\/es\/visite-guidate\/visitas-guiadas-treviso-ciudad\/#breadcrumb"},"inLanguage":"es","potentialAction":[{"@type":"ReadAction","target":["https:\/\/www.viguidaclaudia.com\/es\/visite-guidate\/visitas-guiadas-treviso-ciudad\/"]}]},{"@type":"ImageObject","inLanguage":"es","@id":"https:\/\/www.viguidaclaudia.com\/es\/visite-guidate\/visitas-guiadas-treviso-ciudad\/#primaryimage","url":"https:\/\/www.viguidaclaudia.com\/wp-content\/uploads\/2025\/06\/canale-dei-buranei.jpg","contentUrl":"https:\/\/www.viguidaclaudia.com\/wp-content\/uploads\/2025\/06\/canale-dei-buranei.jpg","width":825,"height":578,"caption":"El canal de los Buranelli, rodeado de edificios hist\u00f3ricos, refleja el cielo azul."},{"@type":"BreadcrumbList","@id":"https:\/\/www.viguidaclaudia.com\/es\/visite-guidate\/visitas-guiadas-treviso-ciudad\/#breadcrumb","itemListElement":[{"@type":"ListItem","position":1,"name":"Home","item":"https:\/\/www.viguidaclaudia.com\/es\/inicio\/"},{"@type":"ListItem","position":2,"name":"Productos","item":"https:\/\/www.viguidaclaudia.com\/es\/shop\/"},{"@type":"ListItem","position":3,"name":"Visitas guiadas Treviso ciudad"}]},{"@type":"WebSite","@id":"https:\/\/www.viguidaclaudia.com\/es\/#website","url":"https:\/\/www.viguidaclaudia.com\/es\/","name":"ViGuida Claudia","description":"Visite guidate con guida autorizzata a Vicenza, Padova e Treviso","publisher":{"@id":"https:\/\/www.viguidaclaudia.com\/es\/#organization"},"potentialAction":[{"@type":"SearchAction","target":{"@type":"EntryPoint","urlTemplate":"https:\/\/www.viguidaclaudia.com\/es\/?s={search_term_string}"},"query-input":{"@type":"PropertyValueSpecification","valueRequired":true,"valueName":"search_term_string"}}],"inLanguage":"es"},{"@type":"Organization","@id":"https:\/\/www.viguidaclaudia.com\/es\/#organization","name":"ViGuida Claudia","url":"https:\/\/www.viguidaclaudia.com\/es\/","logo":{"@type":"ImageObject","inLanguage":"es","@id":"https:\/\/www.viguidaclaudia.com\/es\/#\/schema\/logo\/image\/","url":"http:\/\/www.viguidaclaudia.com\/wp-content\/uploads\/2019\/02\/logo-2x.png","contentUrl":"http:\/\/www.viguidaclaudia.com\/wp-content\/uploads\/2019\/02\/logo-2x.png","width":450,"height":118,"caption":"ViGuida Claudia"},"image":{"@id":"https:\/\/www.viguidaclaudia.com\/es\/#\/schema\/logo\/image\/"},"sameAs":["https:\/\/www.facebook.com\/viguidaclaudia\/","https:\/\/www.instagram.com\/viguidaclaudia\/"]}]}},"_links":{"self":[{"href":"https:\/\/www.viguidaclaudia.com\/es\/wp-json\/wp\/v2\/product\/5597","targetHints":{"allow":["GET"]}}],"collection":[{"href":"https:\/\/www.viguidaclaudia.com\/es\/wp-json\/wp\/v2\/product"}],"about":[{"href":"https:\/\/www.viguidaclaudia.com\/es\/wp-json\/wp\/v2\/types\/product"}],"replies":[{"embeddable":true,"href":"https:\/\/www.viguidaclaudia.com\/es\/wp-json\/wp\/v2\/comments?post=5597"}],"wp:featuredmedia":[{"embeddable":true,"href":"https:\/\/www.viguidaclaudia.com\/es\/wp-json\/wp\/v2\/media\/5598"}],"wp:attachment":[{"href":"https:\/\/www.viguidaclaudia.com\/es\/wp-json\/wp\/v2\/media?parent=5597"}],"wp:term":[{"taxonomy":"product_brand","embeddable":true,"href":"https:\/\/www.viguidaclaudia.com\/es\/wp-json\/wp\/v2\/product_brand?post=5597"},{"taxonomy":"product_cat","embeddable":true,"href":"https:\/\/www.viguidaclaudia.com\/es\/wp-json\/wp\/v2\/product_cat?post=5597"},{"taxonomy":"product_tag","embeddable":true,"href":"https:\/\/www.viguidaclaudia.com\/es\/wp-json\/wp\/v2\/product_tag?post=5597"}],"curies":[{"name":"wp","href":"https:\/\/api.w.org\/{rel}","templated":true}]}}