{"id":5561,"date":"2025-06-19T07:23:43","date_gmt":"2025-06-19T07:23:43","guid":{"rendered":"https:\/\/www.viguidaclaudia.com\/visite-guidate\/visita-guiada-a-villa-valmarana-ai-nani-vicenza\/"},"modified":"2026-01-25T14:03:29","modified_gmt":"2026-01-25T14:03:29","slug":"visita-guiada-a-villa-valmarana-ai-nani-vicenza","status":"publish","type":"product","link":"https:\/\/www.viguidaclaudia.com\/es\/visite-guidate\/visita-guiada-a-villa-valmarana-ai-nani-vicenza\/","title":{"rendered":"Visita guiada a Villa Valmarana ai Nani y a los frescos de Gianbattista Tiepolo Vicenza"},"content":{"rendered":"<p>Los frescos de Tiepolo son considerados cumbres de la pintura decorativa europea del siglo XVIII, caracterizados por una atm\u00f3sfera et\u00e9rea y brillante: en esta mansion podr\u00e1s apreciar uno de los ciclos de frescos m\u00e1s famosos de este artista.<\/p>\n<p>La visita empieza desde el jard\u00edn en frente a la mansion donde rodeado por el perfume de las rosas de los macizos de flores escuchar\u00e1a la historia de la familia que posee esta residencia desde hace m\u00e1s de tres siglos. Se entrer\u00e1 en lo que se llama la \u00abpalazzina\u00bb o sea la residencia principal y all\u00ec podr\u00e1s perderte admirando los frescos y escuchando las historias de los poemas \u00e9picos y caballerescos favoritos de Giustino Valmarana primer propietario de esta casa. Te hablar\u00e9 de Aquiles, Agamen\u00f3n, Dido, Ifigenia, Orlando y Angelica, Rinaldo y Armida y los dioses del Olimpo;\u00a0 te quedar\u00e1s fascinado por sus historias y por la habilidad de Tiepolo en saber c\u00f3mo convertirlas en pintura.<\/p>\n<p>Luego visitaremos la Foresteria, lugar dedicado a los hu\u00e9spedes de la mansion. Aqu\u00ec encontraremos las pinturas de Giandomenico Tiepolo. Te explicar\u00e8 la diferencia de estilo art\u00edstico entre padre y hijo.<\/p>\n<p>Luego podr\u00e1s dar un paseo en el hermoso jard\u00ecn desde donde se puede gozar de una esplendida vista de las colinas cercanas y de la Basilica de Monte Berico, la iglesia de la patrona de Vicenza.<\/p>\n<p>Si quieres al termino de la visita podr\u00e1s descansar un rato a la sombra, sentado en la teraza del bar de la villa desde donde podr\u00e1s ver las antiguas cuadras.<\/p>\n<p>&nbsp;<\/p>\n","protected":false},"excerpt":{"rendered":"<p>Si amas la pintura de Gianbattista Tiepolo y buscas una experiencia \u00fanica entre arte y paisaje, te llevo conmigo a descubrir <strong>Villa Valmarana ai Nani<\/strong>, joya del siglo XVIII inmersa en el verde de las colina a dos pasos del centro hist\u00f3rico de Vicenza.<\/p>\n","protected":false},"featured_media":5562,"comment_status":"open","ping_status":"closed","template":"","meta":{"_acf_changed":false},"product_brand":[],"product_cat":[71,75],"product_tag":[],"class_list":{"0":"post-5561","1":"product","2":"type-product","3":"status-publish","4":"has-post-thumbnail","6":"product_cat-sin-categoria","7":"product_cat-visitas-guiadas-a-vicenza","9":"first","10":"instock","11":"shipping-taxable","12":"product-type-simple"},"acf":[],"yoast_head":"<!-- This site is optimized with the Yoast SEO plugin v27.3 - https:\/\/yoast.com\/product\/yoast-seo-wordpress\/ -->\n<title>Visita guiada a Villa Valmarana ai Nani | Tour de arte de Tiepolo<\/title>\n<meta name=\"description\" content=\"Descubre Villa Valmarana ai Nani y los frescos de los Tiepolo con una gu\u00eda local. Un viaje entre arte, historia y panoramas vicentinos. \u00a1Reserva ahora!\" \/>\n<meta name=\"robots\" content=\"index, follow, max-snippet:-1, max-image-preview:large, max-video-preview:-1\" \/>\n<link rel=\"canonical\" href=\"https:\/\/www.viguidaclaudia.com\/es\/visite-guidate\/visita-guiada-a-villa-valmarana-ai-nani-vicenza\/\" \/>\n<meta property=\"og:locale\" content=\"es_ES\" \/>\n<meta property=\"og:type\" content=\"article\" \/>\n<meta property=\"og:title\" content=\"Visita guiada a Villa Valmarana ai Nani | Tour de arte de Tiepolo\" \/>\n<meta property=\"og:description\" content=\"Descubre Villa Valmarana ai Nani y los frescos de los Tiepolo con una gu\u00eda local. Un viaje entre arte, historia y panoramas vicentinos. \u00a1Reserva ahora!\" \/>\n<meta property=\"og:url\" content=\"https:\/\/www.viguidaclaudia.com\/es\/visite-guidate\/visita-guiada-a-villa-valmarana-ai-nani-vicenza\/\" \/>\n<meta property=\"og:site_name\" content=\"ViGuida Claudia\" \/>\n<meta property=\"article:publisher\" content=\"https:\/\/www.facebook.com\/viguidaclaudia\/\" \/>\n<meta property=\"article:modified_time\" content=\"2026-01-25T14:03:29+00:00\" \/>\n<meta property=\"og:image\" content=\"http:\/\/www.viguidaclaudia.com\/wp-content\/uploads\/2025\/06\/giardino-2_valmarana.jpg\" \/>\n\t<meta property=\"og:image:width\" content=\"825\" \/>\n\t<meta property=\"og:image:height\" content=\"578\" \/>\n\t<meta property=\"og:image:type\" content=\"image\/jpeg\" \/>\n<meta name=\"twitter:card\" content=\"summary_large_image\" \/>\n<meta name=\"twitter:label1\" content=\"Tiempo de lectura\" \/>\n\t<meta name=\"twitter:data1\" content=\"2 minutos\" \/>\n<script type=\"application\/ld+json\" class=\"yoast-schema-graph\">{\"@context\":\"https:\\\/\\\/schema.org\",\"@graph\":[{\"@type\":\"WebPage\",\"@id\":\"https:\\\/\\\/www.viguidaclaudia.com\\\/es\\\/visite-guidate\\\/visita-guiada-a-villa-valmarana-ai-nani-vicenza\\\/\",\"url\":\"https:\\\/\\\/www.viguidaclaudia.com\\\/es\\\/visite-guidate\\\/visita-guiada-a-villa-valmarana-ai-nani-vicenza\\\/\",\"name\":\"Visita guiada a Villa Valmarana ai Nani | Tour de arte de Tiepolo\",\"isPartOf\":{\"@id\":\"https:\\\/\\\/www.viguidaclaudia.com\\\/es\\\/#website\"},\"primaryImageOfPage\":{\"@id\":\"https:\\\/\\\/www.viguidaclaudia.com\\\/es\\\/visite-guidate\\\/visita-guiada-a-villa-valmarana-ai-nani-vicenza\\\/#primaryimage\"},\"image\":{\"@id\":\"https:\\\/\\\/www.viguidaclaudia.com\\\/es\\\/visite-guidate\\\/visita-guiada-a-villa-valmarana-ai-nani-vicenza\\\/#primaryimage\"},\"thumbnailUrl\":\"https:\\\/\\\/www.viguidaclaudia.com\\\/wp-content\\\/uploads\\\/2025\\\/06\\\/giardino-2_valmarana.jpg\",\"datePublished\":\"2025-06-19T07:23:43+00:00\",\"dateModified\":\"2026-01-25T14:03:29+00:00\",\"description\":\"Descubre Villa Valmarana ai Nani y los frescos de los Tiepolo con una gu\u00eda local. Un viaje entre arte, historia y panoramas vicentinos. \u00a1Reserva ahora!\",\"breadcrumb\":{\"@id\":\"https:\\\/\\\/www.viguidaclaudia.com\\\/es\\\/visite-guidate\\\/visita-guiada-a-villa-valmarana-ai-nani-vicenza\\\/#breadcrumb\"},\"inLanguage\":\"es\",\"potentialAction\":[{\"@type\":\"ReadAction\",\"target\":[\"https:\\\/\\\/www.viguidaclaudia.com\\\/es\\\/visite-guidate\\\/visita-guiada-a-villa-valmarana-ai-nani-vicenza\\\/\"]}]},{\"@type\":\"ImageObject\",\"inLanguage\":\"es\",\"@id\":\"https:\\\/\\\/www.viguidaclaudia.com\\\/es\\\/visite-guidate\\\/visita-guiada-a-villa-valmarana-ai-nani-vicenza\\\/#primaryimage\",\"url\":\"https:\\\/\\\/www.viguidaclaudia.com\\\/wp-content\\\/uploads\\\/2025\\\/06\\\/giardino-2_valmarana.jpg\",\"contentUrl\":\"https:\\\/\\\/www.viguidaclaudia.com\\\/wp-content\\\/uploads\\\/2025\\\/06\\\/giardino-2_valmarana.jpg\",\"width\":825,\"height\":578,\"caption\":\"Jard\u00edn con setos geom\u00e9tricos y villa hist\u00f3rica al fondo.\"},{\"@type\":\"BreadcrumbList\",\"@id\":\"https:\\\/\\\/www.viguidaclaudia.com\\\/es\\\/visite-guidate\\\/visita-guiada-a-villa-valmarana-ai-nani-vicenza\\\/#breadcrumb\",\"itemListElement\":[{\"@type\":\"ListItem\",\"position\":1,\"name\":\"Home\",\"item\":\"https:\\\/\\\/www.viguidaclaudia.com\\\/es\\\/inicio\\\/\"},{\"@type\":\"ListItem\",\"position\":2,\"name\":\"Productos\",\"item\":\"https:\\\/\\\/www.viguidaclaudia.com\\\/es\\\/shop\\\/\"},{\"@type\":\"ListItem\",\"position\":3,\"name\":\"Visita guiada a Villa Valmarana ai Nani y a los frescos de Gianbattista Tiepolo Vicenza\"}]},{\"@type\":\"WebSite\",\"@id\":\"https:\\\/\\\/www.viguidaclaudia.com\\\/es\\\/#website\",\"url\":\"https:\\\/\\\/www.viguidaclaudia.com\\\/es\\\/\",\"name\":\"ViGuida Claudia\",\"description\":\"Visite guidate con guida autorizzata a Vicenza, Padova e Treviso\",\"publisher\":{\"@id\":\"https:\\\/\\\/www.viguidaclaudia.com\\\/es\\\/#organization\"},\"potentialAction\":[{\"@type\":\"SearchAction\",\"target\":{\"@type\":\"EntryPoint\",\"urlTemplate\":\"https:\\\/\\\/www.viguidaclaudia.com\\\/es\\\/?s={search_term_string}\"},\"query-input\":{\"@type\":\"PropertyValueSpecification\",\"valueRequired\":true,\"valueName\":\"search_term_string\"}}],\"inLanguage\":\"es\"},{\"@type\":\"Organization\",\"@id\":\"https:\\\/\\\/www.viguidaclaudia.com\\\/es\\\/#organization\",\"name\":\"ViGuida Claudia\",\"url\":\"https:\\\/\\\/www.viguidaclaudia.com\\\/es\\\/\",\"logo\":{\"@type\":\"ImageObject\",\"inLanguage\":\"es\",\"@id\":\"https:\\\/\\\/www.viguidaclaudia.com\\\/es\\\/#\\\/schema\\\/logo\\\/image\\\/\",\"url\":\"http:\\\/\\\/www.viguidaclaudia.com\\\/wp-content\\\/uploads\\\/2019\\\/02\\\/logo-2x.png\",\"contentUrl\":\"http:\\\/\\\/www.viguidaclaudia.com\\\/wp-content\\\/uploads\\\/2019\\\/02\\\/logo-2x.png\",\"width\":450,\"height\":118,\"caption\":\"ViGuida Claudia\"},\"image\":{\"@id\":\"https:\\\/\\\/www.viguidaclaudia.com\\\/es\\\/#\\\/schema\\\/logo\\\/image\\\/\"},\"sameAs\":[\"https:\\\/\\\/www.facebook.com\\\/viguidaclaudia\\\/\",\"https:\\\/\\\/www.instagram.com\\\/viguidaclaudia\\\/\"]}]}<\/script>\n<!-- \/ Yoast SEO plugin. -->","yoast_head_json":{"title":"Visita guiada a Villa Valmarana ai Nani | Tour de arte de Tiepolo","description":"Descubre Villa Valmarana ai Nani y los frescos de los Tiepolo con una gu\u00eda local. Un viaje entre arte, historia y panoramas vicentinos. \u00a1Reserva ahora!","robots":{"index":"index","follow":"follow","max-snippet":"max-snippet:-1","max-image-preview":"max-image-preview:large","max-video-preview":"max-video-preview:-1"},"canonical":"https:\/\/www.viguidaclaudia.com\/es\/visite-guidate\/visita-guiada-a-villa-valmarana-ai-nani-vicenza\/","og_locale":"es_ES","og_type":"article","og_title":"Visita guiada a Villa Valmarana ai Nani | Tour de arte de Tiepolo","og_description":"Descubre Villa Valmarana ai Nani y los frescos de los Tiepolo con una gu\u00eda local. Un viaje entre arte, historia y panoramas vicentinos. \u00a1Reserva ahora!","og_url":"https:\/\/www.viguidaclaudia.com\/es\/visite-guidate\/visita-guiada-a-villa-valmarana-ai-nani-vicenza\/","og_site_name":"ViGuida Claudia","article_publisher":"https:\/\/www.facebook.com\/viguidaclaudia\/","article_modified_time":"2026-01-25T14:03:29+00:00","og_image":[{"width":825,"height":578,"url":"http:\/\/www.viguidaclaudia.com\/wp-content\/uploads\/2025\/06\/giardino-2_valmarana.jpg","type":"image\/jpeg"}],"twitter_card":"summary_large_image","twitter_misc":{"Tiempo de lectura":"2 minutos"},"schema":{"@context":"https:\/\/schema.org","@graph":[{"@type":"WebPage","@id":"https:\/\/www.viguidaclaudia.com\/es\/visite-guidate\/visita-guiada-a-villa-valmarana-ai-nani-vicenza\/","url":"https:\/\/www.viguidaclaudia.com\/es\/visite-guidate\/visita-guiada-a-villa-valmarana-ai-nani-vicenza\/","name":"Visita guiada a Villa Valmarana ai Nani | Tour de arte de Tiepolo","isPartOf":{"@id":"https:\/\/www.viguidaclaudia.com\/es\/#website"},"primaryImageOfPage":{"@id":"https:\/\/www.viguidaclaudia.com\/es\/visite-guidate\/visita-guiada-a-villa-valmarana-ai-nani-vicenza\/#primaryimage"},"image":{"@id":"https:\/\/www.viguidaclaudia.com\/es\/visite-guidate\/visita-guiada-a-villa-valmarana-ai-nani-vicenza\/#primaryimage"},"thumbnailUrl":"https:\/\/www.viguidaclaudia.com\/wp-content\/uploads\/2025\/06\/giardino-2_valmarana.jpg","datePublished":"2025-06-19T07:23:43+00:00","dateModified":"2026-01-25T14:03:29+00:00","description":"Descubre Villa Valmarana ai Nani y los frescos de los Tiepolo con una gu\u00eda local. Un viaje entre arte, historia y panoramas vicentinos. \u00a1Reserva ahora!","breadcrumb":{"@id":"https:\/\/www.viguidaclaudia.com\/es\/visite-guidate\/visita-guiada-a-villa-valmarana-ai-nani-vicenza\/#breadcrumb"},"inLanguage":"es","potentialAction":[{"@type":"ReadAction","target":["https:\/\/www.viguidaclaudia.com\/es\/visite-guidate\/visita-guiada-a-villa-valmarana-ai-nani-vicenza\/"]}]},{"@type":"ImageObject","inLanguage":"es","@id":"https:\/\/www.viguidaclaudia.com\/es\/visite-guidate\/visita-guiada-a-villa-valmarana-ai-nani-vicenza\/#primaryimage","url":"https:\/\/www.viguidaclaudia.com\/wp-content\/uploads\/2025\/06\/giardino-2_valmarana.jpg","contentUrl":"https:\/\/www.viguidaclaudia.com\/wp-content\/uploads\/2025\/06\/giardino-2_valmarana.jpg","width":825,"height":578,"caption":"Jard\u00edn con setos geom\u00e9tricos y villa hist\u00f3rica al fondo."},{"@type":"BreadcrumbList","@id":"https:\/\/www.viguidaclaudia.com\/es\/visite-guidate\/visita-guiada-a-villa-valmarana-ai-nani-vicenza\/#breadcrumb","itemListElement":[{"@type":"ListItem","position":1,"name":"Home","item":"https:\/\/www.viguidaclaudia.com\/es\/inicio\/"},{"@type":"ListItem","position":2,"name":"Productos","item":"https:\/\/www.viguidaclaudia.com\/es\/shop\/"},{"@type":"ListItem","position":3,"name":"Visita guiada a Villa Valmarana ai Nani y a los frescos de Gianbattista Tiepolo Vicenza"}]},{"@type":"WebSite","@id":"https:\/\/www.viguidaclaudia.com\/es\/#website","url":"https:\/\/www.viguidaclaudia.com\/es\/","name":"ViGuida Claudia","description":"Visite guidate con guida autorizzata a Vicenza, Padova e Treviso","publisher":{"@id":"https:\/\/www.viguidaclaudia.com\/es\/#organization"},"potentialAction":[{"@type":"SearchAction","target":{"@type":"EntryPoint","urlTemplate":"https:\/\/www.viguidaclaudia.com\/es\/?s={search_term_string}"},"query-input":{"@type":"PropertyValueSpecification","valueRequired":true,"valueName":"search_term_string"}}],"inLanguage":"es"},{"@type":"Organization","@id":"https:\/\/www.viguidaclaudia.com\/es\/#organization","name":"ViGuida Claudia","url":"https:\/\/www.viguidaclaudia.com\/es\/","logo":{"@type":"ImageObject","inLanguage":"es","@id":"https:\/\/www.viguidaclaudia.com\/es\/#\/schema\/logo\/image\/","url":"http:\/\/www.viguidaclaudia.com\/wp-content\/uploads\/2019\/02\/logo-2x.png","contentUrl":"http:\/\/www.viguidaclaudia.com\/wp-content\/uploads\/2019\/02\/logo-2x.png","width":450,"height":118,"caption":"ViGuida Claudia"},"image":{"@id":"https:\/\/www.viguidaclaudia.com\/es\/#\/schema\/logo\/image\/"},"sameAs":["https:\/\/www.facebook.com\/viguidaclaudia\/","https:\/\/www.instagram.com\/viguidaclaudia\/"]}]}},"_links":{"self":[{"href":"https:\/\/www.viguidaclaudia.com\/es\/wp-json\/wp\/v2\/product\/5561","targetHints":{"allow":["GET"]}}],"collection":[{"href":"https:\/\/www.viguidaclaudia.com\/es\/wp-json\/wp\/v2\/product"}],"about":[{"href":"https:\/\/www.viguidaclaudia.com\/es\/wp-json\/wp\/v2\/types\/product"}],"replies":[{"embeddable":true,"href":"https:\/\/www.viguidaclaudia.com\/es\/wp-json\/wp\/v2\/comments?post=5561"}],"wp:featuredmedia":[{"embeddable":true,"href":"https:\/\/www.viguidaclaudia.com\/es\/wp-json\/wp\/v2\/media\/5562"}],"wp:attachment":[{"href":"https:\/\/www.viguidaclaudia.com\/es\/wp-json\/wp\/v2\/media?parent=5561"}],"wp:term":[{"taxonomy":"product_brand","embeddable":true,"href":"https:\/\/www.viguidaclaudia.com\/es\/wp-json\/wp\/v2\/product_brand?post=5561"},{"taxonomy":"product_cat","embeddable":true,"href":"https:\/\/www.viguidaclaudia.com\/es\/wp-json\/wp\/v2\/product_cat?post=5561"},{"taxonomy":"product_tag","embeddable":true,"href":"https:\/\/www.viguidaclaudia.com\/es\/wp-json\/wp\/v2\/product_tag?post=5561"}],"curies":[{"name":"wp","href":"https:\/\/api.w.org\/{rel}","templated":true}]}}