{"id":5516,"date":"2025-06-19T07:34:23","date_gmt":"2025-06-19T07:34:23","guid":{"rendered":"https:\/\/www.viguidaclaudia.com\/visite-guidate\/visitas-guiadas-villa-fracanzan-piovene\/"},"modified":"2026-01-24T10:24:15","modified_gmt":"2026-01-24T10:24:15","slug":"visitas-guiadas-villa-fracanzan-piovene","status":"publish","type":"product","link":"https:\/\/www.viguidaclaudia.com\/es\/visite-guidate\/visitas-guiadas-villa-fracanzan-piovene\/","title":{"rendered":"Visitas guiadas Villa Fracanzan Piovene"},"content":{"rendered":"<p>El recorrido guiado comienza en el <strong>gran jard\u00edn italiano<\/strong>, entre estatuas, parterres y vistas paisaj\u00edsticas \u00fanicas. Se admira la <strong>fachada monumental<\/strong> de la villa, con el raro <strong>anfiteatro colinar<\/strong> dise\u00f1ado para albergar conciertos y representaciones teatrales.<\/p>\n<p>En el interior de la residencia, se exploran estancias amuebladas con gusto, salones, colecciones de arte y espacios funcionales de la vida cotidiana:<\/p>\n<ul>\n<li>la <strong>antigua cocina<\/strong> con el fregadero de m\u00e1rmol rojo, muy codiciado por Napole\u00f3n,<\/li>\n<li>la <strong>planchadur\u00eda de \u00e9poca<\/strong>,<\/li>\n<li>los <strong>pasatiempos de la \u00e9poca<\/strong> como colecciones naturalistas e instrumentos musicales.<\/li>\n<\/ul>\n<p>La visita contin\u00faa en la <strong>barchessa<\/strong>, donde se encuentran:<\/p>\n<ul>\n<li>una <strong>extraordinaria colecci\u00f3n de m\u00e1quinas agr\u00edcolas<\/strong> del siglo XX al aire libre,<\/li>\n<li>una <strong>carpinter\u00eda hist\u00f3rica<\/strong> con utensilios originales: cepillos, gubias, sierras y tornos manuales.<\/li>\n<\/ul>\n<p>Una experiencia completa e inmersiva que saca a la luz la vida, la cultura y la laboriosidad de una villa veneciana realmente fuera de lo com\u00fan.<\/p>\n","protected":false},"excerpt":{"rendered":"<p>Inmersa en la tranquilidad de las colinas cercanas a Vicenzai, la <strong>Villa Fracanzan Piovene<\/strong> es una joya del siglo XVIII que une elegancia arquitect\u00f3nica, vida de campo e ingenio artesanal. Una mansion donde a\u00fan hoy se respira la cultura, la belleza y el trabajo que han marcado la historia del V\u00e9neto rural.<\/p>\n<p>Residencia predilecta de los Fracanzan, nobles terratenientes vicentinos, la villa ha sido dise\u00f1ada por <strong>Francesco Muttoni<\/strong> y cuenta una <strong>fusi\u00f3n \u00fanica entre estilo palladiano y barroco veneciano<\/strong>. Una etapa imperdible para quien ama las villas v\u00e9netas, la artesan\u00eda hist\u00f3rica y los jardines italianos.<\/p>\n","protected":false},"featured_media":5521,"comment_status":"open","ping_status":"closed","template":"","meta":{"_acf_changed":false},"product_brand":[],"product_cat":[71,79],"product_tag":[],"class_list":{"0":"post-5516","1":"product","2":"type-product","3":"status-publish","4":"has-post-thumbnail","6":"product_cat-sin-categoria","7":"product_cat-visitas-guiadas-provincia-de-vicenza","9":"first","10":"instock","11":"shipping-taxable","12":"product-type-simple"},"acf":[],"yoast_head":"<!-- This site is optimized with the Yoast SEO plugin v27.3 - https:\/\/yoast.com\/product\/yoast-seo-wordpress\/ -->\n<title>Visita Villa Fracanzan Piovene y descubre su historia!<\/title>\n<meta name=\"description\" content=\"Visita Villa Fracanzan Piovene y descubre arte y cultura! \u00a1Reserva ahora!\" \/>\n<meta name=\"robots\" content=\"index, follow, max-snippet:-1, max-image-preview:large, max-video-preview:-1\" \/>\n<link rel=\"canonical\" href=\"https:\/\/www.viguidaclaudia.com\/es\/visite-guidate\/visitas-guiadas-villa-fracanzan-piovene\/\" \/>\n<meta property=\"og:locale\" content=\"es_ES\" \/>\n<meta property=\"og:type\" content=\"article\" \/>\n<meta property=\"og:title\" content=\"Visita Villa Fracanzan Piovene y descubre su historia!\" \/>\n<meta property=\"og:description\" content=\"Visita Villa Fracanzan Piovene y descubre arte y cultura! \u00a1Reserva ahora!\" \/>\n<meta property=\"og:url\" content=\"https:\/\/www.viguidaclaudia.com\/es\/visite-guidate\/visitas-guiadas-villa-fracanzan-piovene\/\" \/>\n<meta property=\"og:site_name\" content=\"ViGuida Claudia\" \/>\n<meta property=\"article:publisher\" content=\"https:\/\/www.facebook.com\/viguidaclaudia\/\" \/>\n<meta property=\"article:modified_time\" content=\"2026-01-24T10:24:15+00:00\" \/>\n<meta property=\"og:image\" content=\"http:\/\/www.viguidaclaudia.com\/wp-content\/uploads\/2025\/06\/facciata-verso-giardino-villa-fracanzan.jpeg\" \/>\n\t<meta property=\"og:image:width\" content=\"825\" \/>\n\t<meta property=\"og:image:height\" content=\"578\" \/>\n\t<meta property=\"og:image:type\" content=\"image\/jpeg\" \/>\n<meta name=\"twitter:card\" content=\"summary_large_image\" \/>\n<meta name=\"twitter:label1\" content=\"Tiempo de lectura\" \/>\n\t<meta name=\"twitter:data1\" content=\"1 minuto\" \/>\n<script type=\"application\/ld+json\" class=\"yoast-schema-graph\">{\"@context\":\"https:\\\/\\\/schema.org\",\"@graph\":[{\"@type\":\"WebPage\",\"@id\":\"https:\\\/\\\/www.viguidaclaudia.com\\\/es\\\/visite-guidate\\\/visitas-guiadas-villa-fracanzan-piovene\\\/\",\"url\":\"https:\\\/\\\/www.viguidaclaudia.com\\\/es\\\/visite-guidate\\\/visitas-guiadas-villa-fracanzan-piovene\\\/\",\"name\":\"Visita Villa Fracanzan Piovene y descubre su historia!\",\"isPartOf\":{\"@id\":\"https:\\\/\\\/www.viguidaclaudia.com\\\/es\\\/#website\"},\"primaryImageOfPage\":{\"@id\":\"https:\\\/\\\/www.viguidaclaudia.com\\\/es\\\/visite-guidate\\\/visitas-guiadas-villa-fracanzan-piovene\\\/#primaryimage\"},\"image\":{\"@id\":\"https:\\\/\\\/www.viguidaclaudia.com\\\/es\\\/visite-guidate\\\/visitas-guiadas-villa-fracanzan-piovene\\\/#primaryimage\"},\"thumbnailUrl\":\"https:\\\/\\\/www.viguidaclaudia.com\\\/wp-content\\\/uploads\\\/2025\\\/06\\\/facciata-verso-giardino-villa-fracanzan.jpeg\",\"datePublished\":\"2025-06-19T07:34:23+00:00\",\"dateModified\":\"2026-01-24T10:24:15+00:00\",\"description\":\"Visita Villa Fracanzan Piovene y descubre arte y cultura! \u00a1Reserva ahora!\",\"breadcrumb\":{\"@id\":\"https:\\\/\\\/www.viguidaclaudia.com\\\/es\\\/visite-guidate\\\/visitas-guiadas-villa-fracanzan-piovene\\\/#breadcrumb\"},\"inLanguage\":\"es\",\"potentialAction\":[{\"@type\":\"ReadAction\",\"target\":[\"https:\\\/\\\/www.viguidaclaudia.com\\\/es\\\/visite-guidate\\\/visitas-guiadas-villa-fracanzan-piovene\\\/\"]}]},{\"@type\":\"ImageObject\",\"inLanguage\":\"es\",\"@id\":\"https:\\\/\\\/www.viguidaclaudia.com\\\/es\\\/visite-guidate\\\/visitas-guiadas-villa-fracanzan-piovene\\\/#primaryimage\",\"url\":\"https:\\\/\\\/www.viguidaclaudia.com\\\/wp-content\\\/uploads\\\/2025\\\/06\\\/facciata-verso-giardino-villa-fracanzan.jpeg\",\"contentUrl\":\"https:\\\/\\\/www.viguidaclaudia.com\\\/wp-content\\\/uploads\\\/2025\\\/06\\\/facciata-verso-giardino-villa-fracanzan.jpeg\",\"width\":825,\"height\":578,\"caption\":\"Imponente villa con arquitectura cl\u00e1sica y detalles decorativos, inmersa en el verde.\"},{\"@type\":\"BreadcrumbList\",\"@id\":\"https:\\\/\\\/www.viguidaclaudia.com\\\/es\\\/visite-guidate\\\/visitas-guiadas-villa-fracanzan-piovene\\\/#breadcrumb\",\"itemListElement\":[{\"@type\":\"ListItem\",\"position\":1,\"name\":\"Home\",\"item\":\"https:\\\/\\\/www.viguidaclaudia.com\\\/es\\\/inicio\\\/\"},{\"@type\":\"ListItem\",\"position\":2,\"name\":\"Productos\",\"item\":\"https:\\\/\\\/www.viguidaclaudia.com\\\/es\\\/shop\\\/\"},{\"@type\":\"ListItem\",\"position\":3,\"name\":\"Visitas guiadas Villa Fracanzan Piovene\"}]},{\"@type\":\"WebSite\",\"@id\":\"https:\\\/\\\/www.viguidaclaudia.com\\\/es\\\/#website\",\"url\":\"https:\\\/\\\/www.viguidaclaudia.com\\\/es\\\/\",\"name\":\"ViGuida Claudia\",\"description\":\"Visite guidate con guida autorizzata a Vicenza, Padova e Treviso\",\"publisher\":{\"@id\":\"https:\\\/\\\/www.viguidaclaudia.com\\\/es\\\/#organization\"},\"potentialAction\":[{\"@type\":\"SearchAction\",\"target\":{\"@type\":\"EntryPoint\",\"urlTemplate\":\"https:\\\/\\\/www.viguidaclaudia.com\\\/es\\\/?s={search_term_string}\"},\"query-input\":{\"@type\":\"PropertyValueSpecification\",\"valueRequired\":true,\"valueName\":\"search_term_string\"}}],\"inLanguage\":\"es\"},{\"@type\":\"Organization\",\"@id\":\"https:\\\/\\\/www.viguidaclaudia.com\\\/es\\\/#organization\",\"name\":\"ViGuida Claudia\",\"url\":\"https:\\\/\\\/www.viguidaclaudia.com\\\/es\\\/\",\"logo\":{\"@type\":\"ImageObject\",\"inLanguage\":\"es\",\"@id\":\"https:\\\/\\\/www.viguidaclaudia.com\\\/es\\\/#\\\/schema\\\/logo\\\/image\\\/\",\"url\":\"http:\\\/\\\/www.viguidaclaudia.com\\\/wp-content\\\/uploads\\\/2019\\\/02\\\/logo-2x.png\",\"contentUrl\":\"http:\\\/\\\/www.viguidaclaudia.com\\\/wp-content\\\/uploads\\\/2019\\\/02\\\/logo-2x.png\",\"width\":450,\"height\":118,\"caption\":\"ViGuida Claudia\"},\"image\":{\"@id\":\"https:\\\/\\\/www.viguidaclaudia.com\\\/es\\\/#\\\/schema\\\/logo\\\/image\\\/\"},\"sameAs\":[\"https:\\\/\\\/www.facebook.com\\\/viguidaclaudia\\\/\",\"https:\\\/\\\/www.instagram.com\\\/viguidaclaudia\\\/\"]}]}<\/script>\n<!-- \/ Yoast SEO plugin. -->","yoast_head_json":{"title":"Visita Villa Fracanzan Piovene y descubre su historia!","description":"Visita Villa Fracanzan Piovene y descubre arte y cultura! \u00a1Reserva ahora!","robots":{"index":"index","follow":"follow","max-snippet":"max-snippet:-1","max-image-preview":"max-image-preview:large","max-video-preview":"max-video-preview:-1"},"canonical":"https:\/\/www.viguidaclaudia.com\/es\/visite-guidate\/visitas-guiadas-villa-fracanzan-piovene\/","og_locale":"es_ES","og_type":"article","og_title":"Visita Villa Fracanzan Piovene y descubre su historia!","og_description":"Visita Villa Fracanzan Piovene y descubre arte y cultura! \u00a1Reserva ahora!","og_url":"https:\/\/www.viguidaclaudia.com\/es\/visite-guidate\/visitas-guiadas-villa-fracanzan-piovene\/","og_site_name":"ViGuida Claudia","article_publisher":"https:\/\/www.facebook.com\/viguidaclaudia\/","article_modified_time":"2026-01-24T10:24:15+00:00","og_image":[{"width":825,"height":578,"url":"http:\/\/www.viguidaclaudia.com\/wp-content\/uploads\/2025\/06\/facciata-verso-giardino-villa-fracanzan.jpeg","type":"image\/jpeg"}],"twitter_card":"summary_large_image","twitter_misc":{"Tiempo de lectura":"1 minuto"},"schema":{"@context":"https:\/\/schema.org","@graph":[{"@type":"WebPage","@id":"https:\/\/www.viguidaclaudia.com\/es\/visite-guidate\/visitas-guiadas-villa-fracanzan-piovene\/","url":"https:\/\/www.viguidaclaudia.com\/es\/visite-guidate\/visitas-guiadas-villa-fracanzan-piovene\/","name":"Visita Villa Fracanzan Piovene y descubre su historia!","isPartOf":{"@id":"https:\/\/www.viguidaclaudia.com\/es\/#website"},"primaryImageOfPage":{"@id":"https:\/\/www.viguidaclaudia.com\/es\/visite-guidate\/visitas-guiadas-villa-fracanzan-piovene\/#primaryimage"},"image":{"@id":"https:\/\/www.viguidaclaudia.com\/es\/visite-guidate\/visitas-guiadas-villa-fracanzan-piovene\/#primaryimage"},"thumbnailUrl":"https:\/\/www.viguidaclaudia.com\/wp-content\/uploads\/2025\/06\/facciata-verso-giardino-villa-fracanzan.jpeg","datePublished":"2025-06-19T07:34:23+00:00","dateModified":"2026-01-24T10:24:15+00:00","description":"Visita Villa Fracanzan Piovene y descubre arte y cultura! \u00a1Reserva ahora!","breadcrumb":{"@id":"https:\/\/www.viguidaclaudia.com\/es\/visite-guidate\/visitas-guiadas-villa-fracanzan-piovene\/#breadcrumb"},"inLanguage":"es","potentialAction":[{"@type":"ReadAction","target":["https:\/\/www.viguidaclaudia.com\/es\/visite-guidate\/visitas-guiadas-villa-fracanzan-piovene\/"]}]},{"@type":"ImageObject","inLanguage":"es","@id":"https:\/\/www.viguidaclaudia.com\/es\/visite-guidate\/visitas-guiadas-villa-fracanzan-piovene\/#primaryimage","url":"https:\/\/www.viguidaclaudia.com\/wp-content\/uploads\/2025\/06\/facciata-verso-giardino-villa-fracanzan.jpeg","contentUrl":"https:\/\/www.viguidaclaudia.com\/wp-content\/uploads\/2025\/06\/facciata-verso-giardino-villa-fracanzan.jpeg","width":825,"height":578,"caption":"Imponente villa con arquitectura cl\u00e1sica y detalles decorativos, inmersa en el verde."},{"@type":"BreadcrumbList","@id":"https:\/\/www.viguidaclaudia.com\/es\/visite-guidate\/visitas-guiadas-villa-fracanzan-piovene\/#breadcrumb","itemListElement":[{"@type":"ListItem","position":1,"name":"Home","item":"https:\/\/www.viguidaclaudia.com\/es\/inicio\/"},{"@type":"ListItem","position":2,"name":"Productos","item":"https:\/\/www.viguidaclaudia.com\/es\/shop\/"},{"@type":"ListItem","position":3,"name":"Visitas guiadas Villa Fracanzan Piovene"}]},{"@type":"WebSite","@id":"https:\/\/www.viguidaclaudia.com\/es\/#website","url":"https:\/\/www.viguidaclaudia.com\/es\/","name":"ViGuida Claudia","description":"Visite guidate con guida autorizzata a Vicenza, Padova e Treviso","publisher":{"@id":"https:\/\/www.viguidaclaudia.com\/es\/#organization"},"potentialAction":[{"@type":"SearchAction","target":{"@type":"EntryPoint","urlTemplate":"https:\/\/www.viguidaclaudia.com\/es\/?s={search_term_string}"},"query-input":{"@type":"PropertyValueSpecification","valueRequired":true,"valueName":"search_term_string"}}],"inLanguage":"es"},{"@type":"Organization","@id":"https:\/\/www.viguidaclaudia.com\/es\/#organization","name":"ViGuida Claudia","url":"https:\/\/www.viguidaclaudia.com\/es\/","logo":{"@type":"ImageObject","inLanguage":"es","@id":"https:\/\/www.viguidaclaudia.com\/es\/#\/schema\/logo\/image\/","url":"http:\/\/www.viguidaclaudia.com\/wp-content\/uploads\/2019\/02\/logo-2x.png","contentUrl":"http:\/\/www.viguidaclaudia.com\/wp-content\/uploads\/2019\/02\/logo-2x.png","width":450,"height":118,"caption":"ViGuida Claudia"},"image":{"@id":"https:\/\/www.viguidaclaudia.com\/es\/#\/schema\/logo\/image\/"},"sameAs":["https:\/\/www.facebook.com\/viguidaclaudia\/","https:\/\/www.instagram.com\/viguidaclaudia\/"]}]}},"_links":{"self":[{"href":"https:\/\/www.viguidaclaudia.com\/es\/wp-json\/wp\/v2\/product\/5516","targetHints":{"allow":["GET"]}}],"collection":[{"href":"https:\/\/www.viguidaclaudia.com\/es\/wp-json\/wp\/v2\/product"}],"about":[{"href":"https:\/\/www.viguidaclaudia.com\/es\/wp-json\/wp\/v2\/types\/product"}],"replies":[{"embeddable":true,"href":"https:\/\/www.viguidaclaudia.com\/es\/wp-json\/wp\/v2\/comments?post=5516"}],"wp:featuredmedia":[{"embeddable":true,"href":"https:\/\/www.viguidaclaudia.com\/es\/wp-json\/wp\/v2\/media\/5521"}],"wp:attachment":[{"href":"https:\/\/www.viguidaclaudia.com\/es\/wp-json\/wp\/v2\/media?parent=5516"}],"wp:term":[{"taxonomy":"product_brand","embeddable":true,"href":"https:\/\/www.viguidaclaudia.com\/es\/wp-json\/wp\/v2\/product_brand?post=5516"},{"taxonomy":"product_cat","embeddable":true,"href":"https:\/\/www.viguidaclaudia.com\/es\/wp-json\/wp\/v2\/product_cat?post=5516"},{"taxonomy":"product_tag","embeddable":true,"href":"https:\/\/www.viguidaclaudia.com\/es\/wp-json\/wp\/v2\/product_tag?post=5516"}],"curies":[{"name":"wp","href":"https:\/\/api.w.org\/{rel}","templated":true}]}}