{"id":5475,"date":"2025-06-19T07:38:00","date_gmt":"2025-06-19T07:38:00","guid":{"rendered":"https:\/\/www.viguidaclaudia.com\/visite-guidate\/visitas-guiadas-en-montagnana\/"},"modified":"2025-12-15T13:20:02","modified_gmt":"2025-12-15T13:20:02","slug":"visitas-guiadas-en-montagnana","status":"publish","type":"product","link":"https:\/\/www.viguidaclaudia.com\/es\/visite-guidate\/visitas-guiadas-en-montagnana\/","title":{"rendered":"Visitas guiadas en Montagnana"},"content":{"rendered":"<p>Durante la visita guiada, le acompa\u00f1ar\u00e9 a descubrir el centro hist\u00f3rico de Montagnana, partiendo de sus or\u00edgenes antiguos que se remontan incluso a la Edad del Bronce, pasando luego por el per\u00edodo romano, bizantino y lombardo.<\/p>\n<p>Comenzaremos el paseo explorando la <strong>muralla medieval<\/strong>, una de las mejor conservadas de Europa, con sus <strong>cuatro imponentes entradas<\/strong>. Admiraremos despu\u00e9s algunos de los lugares m\u00e1s significativos: <\/p>\n<ul>\n<li>\n<p><strong>Castillo de San Zeno<\/strong>, construido en 1242 por Ezzelino III da Romano<\/p>\n<\/li>\n<li>\n<p><strong>Rocca degli Alberi<\/strong>, extraordinario ejemplo de arquitectura militar carraresa<\/p>\n<\/li>\n<li>\n<p><strong>Villa Pisani<\/strong>, elegante residencia proyectada por Palladio<\/p>\n<\/li>\n<li>\n<p><strong>Duomo de Montagnana<\/strong>, obra maestra que une elementos g\u00f3ticos y renacentistas<\/p>\n<\/li>\n<\/ul>\n<p>Pasearemos despu\u00e9s entre <strong>p\u00f3rticos venecianos<\/strong>, <strong>antiguos hospitales<\/strong> e <strong>iglesias ricas en obras maestras de arte<\/strong>, como la Iglesia de San Francesco que alberga obras de la escuela de Veronese y de Palma el Joven.<\/p>\n<p>\u00bfY para quien ama los sabores t\u00edpicos? No podr\u00e1 faltar una menci\u00f3n al c\u00e9lebre <strong>Prosciutto Veneto DOP<\/strong>, s\u00edmbolo gastron\u00f3mico de la ciudad\u2026 \u00a1con la posibilidad de una parada golosa! <\/p>\n","protected":false},"excerpt":{"rendered":"<p><strong>Montagnana<\/strong> es una de las ciudades amuralladas m\u00e1s sugestivas de Italia: un burgo que encierra siglos de historia entre murallas medievales perfectamente conservadas, rincones pintorescos, arquitecturas renacentistas y sabores aut\u00e9nticos. Un destino imperdible para los amantes de la historia, del arte\u2026 \u00a1y del buen jam\u00f3n! <\/p>\n","protected":false},"featured_media":5476,"comment_status":"open","ping_status":"closed","template":"","meta":{"_acf_changed":false},"product_brand":[],"product_cat":[72],"product_tag":[],"class_list":{"0":"post-5475","1":"product","2":"type-product","3":"status-publish","4":"has-post-thumbnail","6":"product_cat-visitas-guiadas-provincia-de-padua","8":"first","9":"instock","10":"shipping-taxable","11":"product-type-simple"},"acf":[],"yoast_head":"<!-- This site is optimized with the Yoast SEO plugin v27.3 - https:\/\/yoast.com\/product\/yoast-seo-wordpress\/ -->\n<title>Descubra Montagnana: Visitas Guiadas \u00danicas y Fascinantes<\/title>\n<meta name=\"description\" content=\"Participe en una visita guiada de 1 hora y 30 minutos en Montagnana, explorando la historia y los sabores t\u00edpicos. \u00a1Apta para todos! \u00a1Reserve ahora!\" \/>\n<meta name=\"robots\" content=\"index, follow, max-snippet:-1, max-image-preview:large, max-video-preview:-1\" \/>\n<link rel=\"canonical\" href=\"https:\/\/www.viguidaclaudia.com\/es\/visite-guidate\/visitas-guiadas-en-montagnana\/\" \/>\n<meta property=\"og:locale\" content=\"es_ES\" \/>\n<meta property=\"og:type\" content=\"article\" \/>\n<meta property=\"og:title\" content=\"Descubra Montagnana: Visitas Guiadas \u00danicas y Fascinantes\" \/>\n<meta property=\"og:description\" content=\"Participe en una visita guiada de 1 hora y 30 minutos en Montagnana, explorando la historia y los sabores t\u00edpicos. \u00a1Apta para todos! \u00a1Reserve ahora!\" \/>\n<meta property=\"og:url\" content=\"https:\/\/www.viguidaclaudia.com\/es\/visite-guidate\/visitas-guiadas-en-montagnana\/\" \/>\n<meta property=\"og:site_name\" content=\"ViGuida Claudia\" \/>\n<meta property=\"article:publisher\" content=\"https:\/\/www.facebook.com\/viguidaclaudia\/\" \/>\n<meta property=\"article:modified_time\" content=\"2025-12-15T13:20:02+00:00\" \/>\n<meta property=\"og:image\" content=\"https:\/\/www.viguidaclaudia.com\/wp-content\/uploads\/2025\/06\/duomo-di-montagnana-facciata.jpeg\" \/>\n\t<meta property=\"og:image:width\" content=\"825\" \/>\n\t<meta property=\"og:image:height\" content=\"578\" \/>\n\t<meta property=\"og:image:type\" content=\"image\/jpeg\" \/>\n<meta name=\"twitter:card\" content=\"summary_large_image\" \/>\n<meta name=\"twitter:label1\" content=\"Tiempo de lectura\" \/>\n\t<meta name=\"twitter:data1\" content=\"1 minuto\" \/>\n<script type=\"application\/ld+json\" class=\"yoast-schema-graph\">{\"@context\":\"https:\\\/\\\/schema.org\",\"@graph\":[{\"@type\":\"WebPage\",\"@id\":\"https:\\\/\\\/www.viguidaclaudia.com\\\/es\\\/visite-guidate\\\/visitas-guiadas-en-montagnana\\\/\",\"url\":\"https:\\\/\\\/www.viguidaclaudia.com\\\/es\\\/visite-guidate\\\/visitas-guiadas-en-montagnana\\\/\",\"name\":\"Descubra Montagnana: Visitas Guiadas \u00danicas y Fascinantes\",\"isPartOf\":{\"@id\":\"https:\\\/\\\/www.viguidaclaudia.com\\\/es\\\/#website\"},\"primaryImageOfPage\":{\"@id\":\"https:\\\/\\\/www.viguidaclaudia.com\\\/es\\\/visite-guidate\\\/visitas-guiadas-en-montagnana\\\/#primaryimage\"},\"image\":{\"@id\":\"https:\\\/\\\/www.viguidaclaudia.com\\\/es\\\/visite-guidate\\\/visitas-guiadas-en-montagnana\\\/#primaryimage\"},\"thumbnailUrl\":\"https:\\\/\\\/www.viguidaclaudia.com\\\/wp-content\\\/uploads\\\/2025\\\/06\\\/duomo-di-montagnana-facciata.jpeg\",\"datePublished\":\"2025-06-19T07:38:00+00:00\",\"dateModified\":\"2025-12-15T13:20:02+00:00\",\"description\":\"Participe en una visita guiada de 1 hora y 30 minutos en Montagnana, explorando la historia y los sabores t\u00edpicos. \u00a1Apta para todos! \u00a1Reserve ahora!\",\"breadcrumb\":{\"@id\":\"https:\\\/\\\/www.viguidaclaudia.com\\\/es\\\/visite-guidate\\\/visitas-guiadas-en-montagnana\\\/#breadcrumb\"},\"inLanguage\":\"es\",\"potentialAction\":[{\"@type\":\"ReadAction\",\"target\":[\"https:\\\/\\\/www.viguidaclaudia.com\\\/es\\\/visite-guidate\\\/visitas-guiadas-en-montagnana\\\/\"]}]},{\"@type\":\"ImageObject\",\"inLanguage\":\"es\",\"@id\":\"https:\\\/\\\/www.viguidaclaudia.com\\\/es\\\/visite-guidate\\\/visitas-guiadas-en-montagnana\\\/#primaryimage\",\"url\":\"https:\\\/\\\/www.viguidaclaudia.com\\\/wp-content\\\/uploads\\\/2025\\\/06\\\/duomo-di-montagnana-facciata.jpeg\",\"contentUrl\":\"https:\\\/\\\/www.viguidaclaudia.com\\\/wp-content\\\/uploads\\\/2025\\\/06\\\/duomo-di-montagnana-facciata.jpeg\",\"width\":825,\"height\":578,\"caption\":\"El Duomo de Montagnana presenta una fachada de ladrillo con elementos arquitect\u00f3nicos distintivos.\"},{\"@type\":\"BreadcrumbList\",\"@id\":\"https:\\\/\\\/www.viguidaclaudia.com\\\/es\\\/visite-guidate\\\/visitas-guiadas-en-montagnana\\\/#breadcrumb\",\"itemListElement\":[{\"@type\":\"ListItem\",\"position\":1,\"name\":\"Home\",\"item\":\"https:\\\/\\\/www.viguidaclaudia.com\\\/es\\\/inicio\\\/\"},{\"@type\":\"ListItem\",\"position\":2,\"name\":\"Productos\",\"item\":\"https:\\\/\\\/www.viguidaclaudia.com\\\/es\\\/shop\\\/\"},{\"@type\":\"ListItem\",\"position\":3,\"name\":\"Visitas guiadas en Montagnana\"}]},{\"@type\":\"WebSite\",\"@id\":\"https:\\\/\\\/www.viguidaclaudia.com\\\/es\\\/#website\",\"url\":\"https:\\\/\\\/www.viguidaclaudia.com\\\/es\\\/\",\"name\":\"ViGuida Claudia\",\"description\":\"Visite guidate con guida autorizzata a Vicenza, Padova e Treviso\",\"publisher\":{\"@id\":\"https:\\\/\\\/www.viguidaclaudia.com\\\/es\\\/#organization\"},\"potentialAction\":[{\"@type\":\"SearchAction\",\"target\":{\"@type\":\"EntryPoint\",\"urlTemplate\":\"https:\\\/\\\/www.viguidaclaudia.com\\\/es\\\/?s={search_term_string}\"},\"query-input\":{\"@type\":\"PropertyValueSpecification\",\"valueRequired\":true,\"valueName\":\"search_term_string\"}}],\"inLanguage\":\"es\"},{\"@type\":\"Organization\",\"@id\":\"https:\\\/\\\/www.viguidaclaudia.com\\\/es\\\/#organization\",\"name\":\"ViGuida Claudia\",\"url\":\"https:\\\/\\\/www.viguidaclaudia.com\\\/es\\\/\",\"logo\":{\"@type\":\"ImageObject\",\"inLanguage\":\"es\",\"@id\":\"https:\\\/\\\/www.viguidaclaudia.com\\\/es\\\/#\\\/schema\\\/logo\\\/image\\\/\",\"url\":\"http:\\\/\\\/www.viguidaclaudia.com\\\/wp-content\\\/uploads\\\/2019\\\/02\\\/logo-2x.png\",\"contentUrl\":\"http:\\\/\\\/www.viguidaclaudia.com\\\/wp-content\\\/uploads\\\/2019\\\/02\\\/logo-2x.png\",\"width\":450,\"height\":118,\"caption\":\"ViGuida Claudia\"},\"image\":{\"@id\":\"https:\\\/\\\/www.viguidaclaudia.com\\\/es\\\/#\\\/schema\\\/logo\\\/image\\\/\"},\"sameAs\":[\"https:\\\/\\\/www.facebook.com\\\/viguidaclaudia\\\/\",\"https:\\\/\\\/www.instagram.com\\\/viguidaclaudia\\\/\"]}]}<\/script>\n<!-- \/ Yoast SEO plugin. -->","yoast_head_json":{"title":"Descubra Montagnana: Visitas Guiadas \u00danicas y Fascinantes","description":"Participe en una visita guiada de 1 hora y 30 minutos en Montagnana, explorando la historia y los sabores t\u00edpicos. \u00a1Apta para todos! \u00a1Reserve ahora!","robots":{"index":"index","follow":"follow","max-snippet":"max-snippet:-1","max-image-preview":"max-image-preview:large","max-video-preview":"max-video-preview:-1"},"canonical":"https:\/\/www.viguidaclaudia.com\/es\/visite-guidate\/visitas-guiadas-en-montagnana\/","og_locale":"es_ES","og_type":"article","og_title":"Descubra Montagnana: Visitas Guiadas \u00danicas y Fascinantes","og_description":"Participe en una visita guiada de 1 hora y 30 minutos en Montagnana, explorando la historia y los sabores t\u00edpicos. \u00a1Apta para todos! \u00a1Reserve ahora!","og_url":"https:\/\/www.viguidaclaudia.com\/es\/visite-guidate\/visitas-guiadas-en-montagnana\/","og_site_name":"ViGuida Claudia","article_publisher":"https:\/\/www.facebook.com\/viguidaclaudia\/","article_modified_time":"2025-12-15T13:20:02+00:00","og_image":[{"width":825,"height":578,"url":"https:\/\/www.viguidaclaudia.com\/wp-content\/uploads\/2025\/06\/duomo-di-montagnana-facciata.jpeg","type":"image\/jpeg"}],"twitter_card":"summary_large_image","twitter_misc":{"Tiempo de lectura":"1 minuto"},"schema":{"@context":"https:\/\/schema.org","@graph":[{"@type":"WebPage","@id":"https:\/\/www.viguidaclaudia.com\/es\/visite-guidate\/visitas-guiadas-en-montagnana\/","url":"https:\/\/www.viguidaclaudia.com\/es\/visite-guidate\/visitas-guiadas-en-montagnana\/","name":"Descubra Montagnana: Visitas Guiadas \u00danicas y Fascinantes","isPartOf":{"@id":"https:\/\/www.viguidaclaudia.com\/es\/#website"},"primaryImageOfPage":{"@id":"https:\/\/www.viguidaclaudia.com\/es\/visite-guidate\/visitas-guiadas-en-montagnana\/#primaryimage"},"image":{"@id":"https:\/\/www.viguidaclaudia.com\/es\/visite-guidate\/visitas-guiadas-en-montagnana\/#primaryimage"},"thumbnailUrl":"https:\/\/www.viguidaclaudia.com\/wp-content\/uploads\/2025\/06\/duomo-di-montagnana-facciata.jpeg","datePublished":"2025-06-19T07:38:00+00:00","dateModified":"2025-12-15T13:20:02+00:00","description":"Participe en una visita guiada de 1 hora y 30 minutos en Montagnana, explorando la historia y los sabores t\u00edpicos. \u00a1Apta para todos! \u00a1Reserve ahora!","breadcrumb":{"@id":"https:\/\/www.viguidaclaudia.com\/es\/visite-guidate\/visitas-guiadas-en-montagnana\/#breadcrumb"},"inLanguage":"es","potentialAction":[{"@type":"ReadAction","target":["https:\/\/www.viguidaclaudia.com\/es\/visite-guidate\/visitas-guiadas-en-montagnana\/"]}]},{"@type":"ImageObject","inLanguage":"es","@id":"https:\/\/www.viguidaclaudia.com\/es\/visite-guidate\/visitas-guiadas-en-montagnana\/#primaryimage","url":"https:\/\/www.viguidaclaudia.com\/wp-content\/uploads\/2025\/06\/duomo-di-montagnana-facciata.jpeg","contentUrl":"https:\/\/www.viguidaclaudia.com\/wp-content\/uploads\/2025\/06\/duomo-di-montagnana-facciata.jpeg","width":825,"height":578,"caption":"El Duomo de Montagnana presenta una fachada de ladrillo con elementos arquitect\u00f3nicos distintivos."},{"@type":"BreadcrumbList","@id":"https:\/\/www.viguidaclaudia.com\/es\/visite-guidate\/visitas-guiadas-en-montagnana\/#breadcrumb","itemListElement":[{"@type":"ListItem","position":1,"name":"Home","item":"https:\/\/www.viguidaclaudia.com\/es\/inicio\/"},{"@type":"ListItem","position":2,"name":"Productos","item":"https:\/\/www.viguidaclaudia.com\/es\/shop\/"},{"@type":"ListItem","position":3,"name":"Visitas guiadas en Montagnana"}]},{"@type":"WebSite","@id":"https:\/\/www.viguidaclaudia.com\/es\/#website","url":"https:\/\/www.viguidaclaudia.com\/es\/","name":"ViGuida Claudia","description":"Visite guidate con guida autorizzata a Vicenza, Padova e Treviso","publisher":{"@id":"https:\/\/www.viguidaclaudia.com\/es\/#organization"},"potentialAction":[{"@type":"SearchAction","target":{"@type":"EntryPoint","urlTemplate":"https:\/\/www.viguidaclaudia.com\/es\/?s={search_term_string}"},"query-input":{"@type":"PropertyValueSpecification","valueRequired":true,"valueName":"search_term_string"}}],"inLanguage":"es"},{"@type":"Organization","@id":"https:\/\/www.viguidaclaudia.com\/es\/#organization","name":"ViGuida Claudia","url":"https:\/\/www.viguidaclaudia.com\/es\/","logo":{"@type":"ImageObject","inLanguage":"es","@id":"https:\/\/www.viguidaclaudia.com\/es\/#\/schema\/logo\/image\/","url":"http:\/\/www.viguidaclaudia.com\/wp-content\/uploads\/2019\/02\/logo-2x.png","contentUrl":"http:\/\/www.viguidaclaudia.com\/wp-content\/uploads\/2019\/02\/logo-2x.png","width":450,"height":118,"caption":"ViGuida Claudia"},"image":{"@id":"https:\/\/www.viguidaclaudia.com\/es\/#\/schema\/logo\/image\/"},"sameAs":["https:\/\/www.facebook.com\/viguidaclaudia\/","https:\/\/www.instagram.com\/viguidaclaudia\/"]}]}},"_links":{"self":[{"href":"https:\/\/www.viguidaclaudia.com\/es\/wp-json\/wp\/v2\/product\/5475","targetHints":{"allow":["GET"]}}],"collection":[{"href":"https:\/\/www.viguidaclaudia.com\/es\/wp-json\/wp\/v2\/product"}],"about":[{"href":"https:\/\/www.viguidaclaudia.com\/es\/wp-json\/wp\/v2\/types\/product"}],"replies":[{"embeddable":true,"href":"https:\/\/www.viguidaclaudia.com\/es\/wp-json\/wp\/v2\/comments?post=5475"}],"wp:featuredmedia":[{"embeddable":true,"href":"https:\/\/www.viguidaclaudia.com\/es\/wp-json\/wp\/v2\/media\/5476"}],"wp:attachment":[{"href":"https:\/\/www.viguidaclaudia.com\/es\/wp-json\/wp\/v2\/media?parent=5475"}],"wp:term":[{"taxonomy":"product_brand","embeddable":true,"href":"https:\/\/www.viguidaclaudia.com\/es\/wp-json\/wp\/v2\/product_brand?post=5475"},{"taxonomy":"product_cat","embeddable":true,"href":"https:\/\/www.viguidaclaudia.com\/es\/wp-json\/wp\/v2\/product_cat?post=5475"},{"taxonomy":"product_tag","embeddable":true,"href":"https:\/\/www.viguidaclaudia.com\/es\/wp-json\/wp\/v2\/product_tag?post=5475"}],"curies":[{"name":"wp","href":"https:\/\/api.w.org\/{rel}","templated":true}]}}